{"id":1040,"date":"2024-02-09T12:18:21","date_gmt":"2024-02-09T12:18:21","guid":{"rendered":"https:\/\/necta.es\/aviso-legal\/"},"modified":"2024-02-12T12:53:16","modified_gmt":"2024-02-12T12:53:16","slug":"avis-legal","status":"publish","type":"page","link":"https:\/\/necta.es\/ca\/avis-legal\/","title":{"rendered":"Avis legal"},"content":{"rendered":"\t\t<div data-elementor-type=\"wp-page\" data-elementor-id=\"1040\" class=\"elementor elementor-1040 elementor-1020\" data-elementor-post-type=\"page\">\n\t\t\t\t<div class=\"elementor-element elementor-element-4185984 e-flex e-con-boxed e-con e-parent\" data-id=\"4185984\" data-element_type=\"container\" data-e-type=\"container\">\n\t\t\t\t\t<div class=\"e-con-inner\">\n\t\t\t\t<div class=\"elementor-element elementor-element-9d9f847 elementor-widget elementor-widget-spacer\" data-id=\"9d9f847\" data-element_type=\"widget\" data-e-type=\"widget\" data-widget_type=\"spacer.default\">\n\t\t\t\t<div class=\"elementor-widget-container\">\n\t\t\t\t\t\t\t<div class=\"elementor-spacer\">\n\t\t\t<div class=\"elementor-spacer-inner\"><\/div>\n\t\t<\/div>\n\t\t\t\t\t\t<\/div>\n\t\t\t\t<\/div>\n\t\t\t\t<div class=\"elementor-element elementor-element-49aa23c elementor-widget elementor-widget-heading\" data-id=\"49aa23c\" data-element_type=\"widget\" data-e-type=\"widget\" data-widget_type=\"heading.default\">\n\t\t\t\t<div class=\"elementor-widget-container\">\n\t\t\t\t\t<h2 class=\"elementor-heading-title elementor-size-default\">Av\u00eds legal<\/h2>\t\t\t\t<\/div>\n\t\t\t\t<\/div>\n\t\t\t\t<div class=\"elementor-element elementor-element-47a2050 elementor-widget elementor-widget-spacer\" data-id=\"47a2050\" data-element_type=\"widget\" data-e-type=\"widget\" data-widget_type=\"spacer.default\">\n\t\t\t\t<div class=\"elementor-widget-container\">\n\t\t\t\t\t\t\t<div class=\"elementor-spacer\">\n\t\t\t<div class=\"elementor-spacer-inner\"><\/div>\n\t\t<\/div>\n\t\t\t\t\t\t<\/div>\n\t\t\t\t<\/div>\n\t\t\t\t<div class=\"elementor-element elementor-element-0fb208b elementor-widget elementor-widget-text-editor\" data-id=\"0fb208b\" data-element_type=\"widget\" data-e-type=\"widget\" data-widget_type=\"text-editor.default\">\n\t\t\t\t<div class=\"elementor-widget-container\">\n\t\t\t\t\t\t\t\t\t<p><b> INFORMACI\u00d3 GENERAL<\/b><\/p><p><span style=\"font-weight: 400;\">En compliment amb el deure d&#8217;informaci\u00f3 disposat en la Llei 34\/2002 de Serveis de la Societat de la Informaci\u00f3 i el Comer\u00e7 Electr\u00f2nic (LSSI-CE) d&#8217;11 de juliol, es faciliten a continuaci\u00f3 les seg\u00fcents dades d&#8217;informaci\u00f3 general d&#8217;aquest lloc web:<\/span><\/p><p><span style=\"font-weight: 400;\">La titularitat d&#8217;aquest lloc web, https:\/\/necta.es\/, (d&#8217;ara endavant, Lloc web) l&#8217;ostenta: NECTA BIOENERGY SL., prove\u00efda de NIF: B56615537 i inscrita en: Registre Mercantil de Lleida &#8211; 5 actes en BORME publicats amb les seg\u00fcents dades registrals: , el representant del qual \u00e9s: Enric i les dades de contacte del qual s\u00f3n: <\/span><\/p><p><span style=\"font-weight: 400;\">Adre\u00e7a: CARRER DE FRANCESC CASADES, 15 Agramunt<\/span><\/p><p><span style=\"font-weight: 400;\">Tel\u00e8fon de contacte: 973390074<\/span><\/p><p><span style=\"font-weight: 400;\">Email de contacte: info@necta.es<\/span><\/p><p><b>TERMES I CONDICIONS GENERALS D&#8217;\u00daS<\/b><\/p><p><span style=\"font-weight: 400;\">L&#8217;objecte de les presents Condicions Generals d&#8217;\u00das (d&#8217;ara endavant, Condicions) \u00e9s regular l&#8217;acc\u00e9s i la utilitzaci\u00f3 del Lloc web. A l&#8217;efecte de les presents Condicions s&#8217;entendr\u00e0 com a Lloc web: l&#8217;aparen\u00e7a externa de les interf\u00edcies de pantalla, tant de manera est\u00e0tica com de manera din\u00e0mica, \u00e9s a dir, l&#8217;arbre de navegaci\u00f3; i tots els elements integrats tant en les interf\u00edcies de pantalla com en l&#8217;arbre de navegaci\u00f3 (d&#8217;ara endavant, Continguts) i tots aquells serveis o recursos en l\u00ednia que si \u00e9s el cas ofereixi als Usuaris (d&#8217;ara endavant, Serveis).<\/span><\/p><p><span style=\"font-weight: 400;\">NECTA BIOENERGY es reserva la facultat de modificar, en qualsevol moment, i sense av\u00eds previ, la presentaci\u00f3 i configuraci\u00f3 del Lloc web i dels Continguts i Serveis que en ell poguessin estar incorporats. L&#8217;Usuari reconeix i accepta que en qualsevol moment NECTA BIOENERGY pugui interrompre, desactivar i\/o cancel\u00b7lar qualsevol d&#8217;aquests elements que s&#8217;integren en el Lloc web o l&#8217;acc\u00e9s a aquests.<\/span><\/p><p><span style=\"font-weight: 400;\">L&#8217;acc\u00e9s al Lloc web per l&#8217;Usuari t\u00e9 car\u00e0cter lliure i, per regla general, \u00e9s gratu\u00eft sense que l&#8217;Usuari hagi de proporcionar una contraprestaci\u00f3 per a poder gaudir d&#8217;aix\u00f2, excepte en el relatiu al cost de connexi\u00f3 a trav\u00e9s de la xarxa de telecomunicacions subministrada pel prove\u00efdor d&#8217;acc\u00e9s que hagu\u00e9s contractat l&#8217;Usuari.<\/span><\/p><p><span style=\"font-weight: 400;\">La utilitzaci\u00f3 dels Continguts no requereix pr\u00e8via subscripci\u00f3 o cap registre.<\/span><\/p><p><b>L&#8217;Usuari<\/b><\/p><p><span style=\"font-weight: 400;\">L&#8217;acc\u00e9s, la navegaci\u00f3 i \u00fas del Lloc web, confereix la condici\u00f3 d&#8217;Usuari, per la qual cosa s&#8217;accepten, des que s&#8217;inicia la navegaci\u00f3 pel Lloc web, totes les Condicions aqu\u00ed establertes, aix\u00ed com les seves ulteriors modificacions, sense perjudici de l&#8217;aplicaci\u00f3 de la corresponent normativa legal d&#8217;obligat compliment segons el cas. <\/span><\/p><p><span style=\"font-weight: 400;\">Donada la rellev\u00e0ncia de l&#8217;anterior, es recomana a l&#8217;Usuari llegir-les cada vegada que visiti el Lloc web.<\/span><\/p><p><span style=\"font-weight: 400;\">El Lloc web de NECTA BIOENERGY proporciona gran diversitat d&#8217;informaci\u00f3, serveis i dades. L&#8217;Usuari assumeix la seva responsabilitat per a realitzar un \u00fas correcte del Lloc web. <\/span><\/p><p><span style=\"font-weight: 400;\">Aquesta responsabilitat s&#8217;estendr\u00e0 a:<\/span><\/p><p><span style=\"font-weight: 400;\">Un \u00fas de la informaci\u00f3, Continguts i\/o Serveis i dades ofertes per NECTA BIOENERGY sense que sigui contrari al que es disposa per les presents Condicions, la Llei, la moral o l&#8217;ordre p\u00fablic, o que de qualsevol altre mode puguin suposar lesi\u00f3 dels drets de tercers o del mateix funcionament del Lloc web.<\/span><\/p><p><span style=\"font-weight: 400;\">La veracitat i licitud de les informacions aportades per l&#8217;Usuari en els formularis estesos per NECTA BIOENERGY per a l&#8217;acc\u00e9s a uns certs Continguts o Serveis oferts pel Lloc web. En tot cas, l&#8217;Usuari notificar\u00e0 de manera immediata a NECTA BIOENERGY sobre qualsevol fet que permeti l&#8217;\u00fas indegut de la informaci\u00f3 registrada en aquests formularis, com ara, per\u00f2 no sols, el robatori, extraviament, o l&#8217;acc\u00e9s no autoritzat a identificadors i\/o contrasenyes, amb la finalitat de procedir a la seva immediata cancel\u00b7laci\u00f3.<\/span><\/p><p><span style=\"font-weight: 400;\">El mer acc\u00e9s a aquest Lloc web no suposa entaular cap mena de relaci\u00f3 de car\u00e0cter comercial entre NECTA BIOENERGY i l&#8217;Usuari.<\/span><\/p><p><span style=\"font-weight: 400;\">Sempre en el respecte de la legislaci\u00f3 vigent, aquest Lloc web de NECTA BIOENERGY es dirigeix a totes les persones, sense importar la seva edat, que puguin accedir i\/o navegar per les p\u00e0gines del Lloc web.<\/span><\/p><p><span style=\"font-weight: 400;\">El Lloc web est\u00e0 dirigit principalment a Usuaris residents a Espanya. NECTA BIOENERGY no assegura que el Lloc web compleixi amb legislacions d&#8217;altres pa\u00efsos, ja sigui totalment o parcialment. Si l&#8217;Usuari resideix o t\u00e9 el seu domiciliat en un altre lloc i decideix accedir i\/o navegar en el Lloc web el far\u00e0 sota la seva pr\u00f2pia responsabilitat, haur\u00e0 d&#8217;assegurar-se que tal acc\u00e9s i navegaci\u00f3 compleix amb la legislaci\u00f3 local que li \u00e9s aplicable, no assumint NECTA BIOENERGY cap responsabilitat que es pugui derivar d&#8217;aquest acc\u00e9s.<\/span><\/p><p><b>III. ACC\u00c9S I NAVEGACI\u00d3 EN EL LLOC WEB: EXCLUSI\u00d3 DE GARANTIES I RESPONSABILITAT<\/b><\/p><p><span style=\"font-weight: 400;\">NECTA BIOENERGY no garanteix la continu\u00eftat, disponibilitat i utilitat del Lloc web, ni<\/span><\/p><p><span style=\"font-weight: 400;\">dels Continguts o Serveis. NECTA BIOENERGY far\u00e0 tot el possible pel bon funcionament del Lloc web, no obstant aix\u00f2, no es responsabilitza ni garanteix que l&#8217;acc\u00e9s a aquest Lloc web no vagi a ser ininterromput o que estigui lliure d&#8217;error.<\/span><\/p><p><span style=\"font-weight: 400;\">Tampoc es responsabilitza o garanteix que el contingut o programari al qual pugui accedir-se a trav\u00e9s d&#8217;aquest Lloc web, estigui lliure d&#8217;error o causi un mal al sistema inform\u00e0tic (programari i maquinari) de l&#8217;Usuari. En cap cas NECTA BIOENERGY ser\u00e0 responsable per les p\u00e8rdues, danys o perjudicis de qualsevol tipus que sorgeixin per l&#8217;acc\u00e9s, navegaci\u00f3 i l&#8217;\u00fas del Lloc web, incloent-se, per\u00f2 no limitant-se, als ocasionats als sistemes inform\u00e0tics o els provocats per la introducci\u00f3 de virus.<\/span><\/p><p><span style=\"font-weight: 400;\">NECTA BIOENERGY tampoc es fa responsable dels danys que poguessin ocasionar-se als usuaris per un \u00fas inadequat d&#8217;aquest Lloc web. En particular, no es fa responsable de cap manera de les caigudes, interrupcions, falta o defecte de les telecomunicacions que poguessin oc\u00f3rrer.<\/span><\/p><p><b>POL\u00cdTICA D&#8217;ENLLA\u00c7OS<\/b><\/p><p><span style=\"font-weight: 400;\">L&#8217;Usuari o tercer que realitzi un enlla\u00e7 des d&#8217;una p\u00e0gina web d&#8217;un altre, diferent, lloc web al Lloc web de NECTA BIOENERGY haur\u00e0 de saber que:<\/span><\/p><p><span style=\"font-weight: 400;\">No es permet la reproducci\u00f3 \u2014totalment o parcialment\u2014 de cap dels Continguts i\/o Serveis del Lloc web sense autoritzaci\u00f3 expressa de NECTA BIOENERGY.<\/span><\/p><p><span style=\"font-weight: 400;\">No es permet tampoc cap manifestaci\u00f3 falsa, inexacta o incorrecta sobre el Lloc web de NECTA BIOENERGY, ni sobre els Continguts i\/o Serveis d&#8217;aquest.<\/span><\/p><p><span style=\"font-weight: 400;\">A excepci\u00f3 de l&#8217;enlla\u00e7, el lloc web en el qual s&#8217;estableixi aquest enlla\u00e7 no contindr\u00e0 cap element, d&#8217;aquest Lloc web, protegit com a propietat intel\u00b7lectual per l&#8217;ordenament jur\u00eddic espanyol, excepte autoritzaci\u00f3 expressa de NECTA BIOENERGY.<\/span><\/p><p><span style=\"font-weight: 400;\">L&#8217;establiment de l&#8217;enlla\u00e7 no implicar\u00e0 l&#8217;exist\u00e8ncia de relacions entre NECTA BIOENERGY i el titular del lloc web des del qual es realitzi, ni el coneixement i acceptaci\u00f3 de NECTA BIOENERGY dels continguts, serveis i\/o activitats ofertes en aquest lloc web, i viceversa.<\/span><\/p><p><b>PROPIETAT INTEL\u00b7LECTUAL I INDUSTRIAL<\/b><\/p><p><span style=\"font-weight: 400;\">NECTA BIOENERGY per si o com a part cession\u00e0ria, \u00e9s titular de tots els drets de propietat intel\u00b7lectual i industrial del Lloc web, aix\u00ed com dels elements continguts en el mateix (a t\u00edtol enunciatiu i no exhaustiu, imatges, so, \u00e0udio, v\u00eddeo, programari o textos, marques o logotips, combinacions de colors, estructura i disseny, selecci\u00f3 de materials usats, programes d&#8217;ordinador necessaris per al seu funcionament, acc\u00e9s i \u00fas, etc.). <\/span><\/p><p><span style=\"font-weight: 400;\">Seran, per conseg\u00fcent, obres protegides com a propietat intel\u00b7lectual per l&#8217;ordenament jur\u00eddic espanyol, sent-los aplicables tant la normativa espanyola i comunit\u00e0ria en aquest camp, com els tractats internacionals relatius a la mat\u00e8ria i subscrits per Espanya.<\/span><\/p><p><span style=\"font-weight: 400;\">Tots els drets reservats. En virtut del que es disposa en la Llei de Propietat Intel\u00b7lectual, queden expressament prohibides la reproducci\u00f3, la distribuci\u00f3 i la comunicaci\u00f3 p\u00fablica, inclosa la seva modalitat de posada a disposici\u00f3, de la totalitat o part dels continguts d&#8217;aquesta p\u00e0gina web, amb finalitats comercials, en qualsevol suport i per qualsevol mitj\u00e0 t\u00e8cnic, sense l&#8217;autoritzaci\u00f3 de NECTA BIOENERGY.<\/span><\/p><p><span style=\"font-weight: 400;\">L&#8217;Usuari es compromet a respectar els drets de propietat intel\u00b7lectual i industrial de NECTA BIOENERGY.<\/span><\/p><p><span style=\"font-weight: 400;\">Podr\u00e0 visualitzar els elements del Lloc web o fins i tot imprimir-los, copiar-los i emmagatzemar-los en el disc dur del seu ordinador o en qualsevol altre suport f\u00edsic sempre que sigui, exclusivament, per al seu \u00fas personal. L&#8217;Usuari, no obstant aix\u00f2, no podr\u00e0 suprimir, alterar, o manipular qualsevol dispositiu de protecci\u00f3 o sistema de seguretat que estigu\u00e9s instal\u00b7lat en el Lloc web.<\/span><\/p><p><span style=\"font-weight: 400;\">En cas que l&#8217;Usuari o tercer consideri que qualsevol dels Continguts del Lloc web suposi una violaci\u00f3 dels drets de protecci\u00f3 de la propietat intel\u00b7lectual, haur\u00e0 de comunicar-ho immediatament a NECTA BIOENERGY a trav\u00e9s de les dades de contacte de l&#8217;apartat d&#8217;INFORMACI\u00d3 GENERAL d&#8217;aquest Av\u00eds Legal i Condicions Generals d&#8217;\u00das.<\/span><\/p><p><b>ACCIONS LEGALS, LEGISLACI\u00d3 APLICABLE I JURISDICCI\u00d3<\/b><\/p><p><span style=\"font-weight: 400;\">NECTA BIOENERGY es reserva la facultat de presentar les accions civils o penals que consideri necess\u00e0ries per la utilitzaci\u00f3 indeguda del Lloc web i Continguts, o per l&#8217;incompliment de les presents Condicions.<\/span><\/p><p><span style=\"font-weight: 400;\">La relaci\u00f3 entre l&#8217;Usuari i NECTA BIOENERGY es regir\u00e0 per la normativa vigent i d&#8217;aplicaci\u00f3 en el territori espanyol. De sorgir qualsevol controv\u00e8rsia en relaci\u00f3 amb la interpretaci\u00f3 i\/o a l&#8217;aplicaci\u00f3 d&#8217;aquestes Condicions les parts sotmetran els seus conflictes a la jurisdicci\u00f3 ordin\u00e0ria sotmetent-se als jutges i tribunals que corresponguin conforme a dret.<\/span><\/p>\t\t\t\t\t\t\t\t<\/div>\n\t\t\t\t<\/div>\n\t\t\t\t\t<\/div>\n\t\t\t\t<\/div>\n\t\t\t\t<\/div>\n\t\t","protected":false},"excerpt":{"rendered":"<p>Av\u00eds legal INFORMACI\u00d3 GENERAL En compliment amb el deure d&#8217;informaci\u00f3 disposat en la Llei 34\/2002 de Serveis de la Societat de la Informaci\u00f3 i el Comer\u00e7 Electr\u00f2nic (LSSI-CE) d&#8217;11 de juliol, es faciliten a continuaci\u00f3 les seg\u00fcents dades d&#8217;informaci\u00f3 general d&#8217;aquest lloc web: La titularitat d&#8217;aquest lloc web, https:\/\/necta.es\/, (d&#8217;ara endavant, Lloc web) l&#8217;ostenta: NECTA [&hellip;]<\/p>\n","protected":false},"author":1,"featured_media":0,"parent":0,"menu_order":0,"comment_status":"closed","ping_status":"closed","template":"elementor_header_footer","meta":{"footnotes":""},"class_list":["post-1040","page","type-page","status-publish","hentry"],"yoast_head":"<!-- This site is optimized with the Yoast SEO plugin v25.6 - https:\/\/yoast.com\/wordpress\/plugins\/seo\/ -->\n<title>Avis legal - NECTA<\/title>\n<meta name=\"robots\" content=\"index, follow, max-snippet:-1, max-image-preview:large, max-video-preview:-1\" \/>\n<link rel=\"canonical\" href=\"https:\/\/necta.es\/aviso-legal\/\" \/>\n<meta property=\"og:locale\" content=\"ca_ES\" \/>\n<meta property=\"og:type\" content=\"article\" \/>\n<meta property=\"og:title\" content=\"Avis legal - NECTA\" \/>\n<meta property=\"og:description\" content=\"Av\u00eds legal INFORMACI\u00d3 GENERAL En compliment amb el deure d&#8217;informaci\u00f3 disposat en la Llei 34\/2002 de Serveis de la Societat de la Informaci\u00f3 i el Comer\u00e7 Electr\u00f2nic (LSSI-CE) d&#8217;11 de juliol, es faciliten a continuaci\u00f3 les seg\u00fcents dades d&#8217;informaci\u00f3 general d&#8217;aquest lloc web: La titularitat d&#8217;aquest lloc web, https:\/\/necta.es\/, (d&#8217;ara endavant, Lloc web) l&#8217;ostenta: NECTA [&hellip;]\" \/>\n<meta property=\"og:url\" content=\"https:\/\/necta.es\/aviso-legal\/\" \/>\n<meta property=\"og:site_name\" content=\"NECTA\" \/>\n<meta property=\"article:modified_time\" content=\"2024-02-12T12:53:16+00:00\" \/>\n<meta name=\"twitter:card\" content=\"summary_large_image\" \/>\n<meta name=\"twitter:label1\" content=\"Temps estimat de lectura\" \/>\n\t<meta name=\"twitter:data1\" content=\"8 minuts\" \/>\n<script type=\"application\/ld+json\" class=\"yoast-schema-graph\">{\"@context\":\"https:\/\/schema.org\",\"@graph\":[{\"@type\":\"WebPage\",\"@id\":\"https:\/\/necta.es\/aviso-legal\/\",\"url\":\"https:\/\/necta.es\/aviso-legal\/\",\"name\":\"Avis legal - NECTA\",\"isPartOf\":{\"@id\":\"https:\/\/necta.es\/#website\"},\"datePublished\":\"2024-02-09T12:18:21+00:00\",\"dateModified\":\"2024-02-12T12:53:16+00:00\",\"breadcrumb\":{\"@id\":\"https:\/\/necta.es\/aviso-legal\/#breadcrumb\"},\"inLanguage\":\"ca\",\"potentialAction\":[{\"@type\":\"ReadAction\",\"target\":[\"https:\/\/necta.es\/aviso-legal\/\"]}]},{\"@type\":\"BreadcrumbList\",\"@id\":\"https:\/\/necta.es\/aviso-legal\/#breadcrumb\",\"itemListElement\":[{\"@type\":\"ListItem\",\"position\":1,\"name\":\"Portada\",\"item\":\"https:\/\/necta.es\/\"},{\"@type\":\"ListItem\",\"position\":2,\"name\":\"Avis legal\"}]},{\"@type\":\"WebSite\",\"@id\":\"https:\/\/necta.es\/#website\",\"url\":\"https:\/\/necta.es\/\",\"name\":\"NECTA\",\"description\":\"BIOENERGY\",\"publisher\":{\"@id\":\"https:\/\/necta.es\/#organization\"},\"potentialAction\":[{\"@type\":\"SearchAction\",\"target\":{\"@type\":\"EntryPoint\",\"urlTemplate\":\"https:\/\/necta.es\/?s={search_term_string}\"},\"query-input\":{\"@type\":\"PropertyValueSpecification\",\"valueRequired\":true,\"valueName\":\"search_term_string\"}}],\"inLanguage\":\"ca\"},{\"@type\":\"Organization\",\"@id\":\"https:\/\/necta.es\/#organization\",\"name\":\"NECTA\",\"url\":\"https:\/\/necta.es\/\",\"logo\":{\"@type\":\"ImageObject\",\"inLanguage\":\"ca\",\"@id\":\"https:\/\/necta.es\/#\/schema\/logo\/image\/\",\"url\":\"https:\/\/necta.es\/wp-content\/uploads\/2023\/09\/LOGO-NECTA.png\",\"contentUrl\":\"https:\/\/necta.es\/wp-content\/uploads\/2023\/09\/LOGO-NECTA.png\",\"width\":300,\"height\":279,\"caption\":\"NECTA\"},\"image\":{\"@id\":\"https:\/\/necta.es\/#\/schema\/logo\/image\/\"}}]}<\/script>\n<!-- \/ Yoast SEO plugin. -->","yoast_head_json":{"title":"Avis legal - NECTA","robots":{"index":"index","follow":"follow","max-snippet":"max-snippet:-1","max-image-preview":"max-image-preview:large","max-video-preview":"max-video-preview:-1"},"canonical":"https:\/\/necta.es\/aviso-legal\/","og_locale":"ca_ES","og_type":"article","og_title":"Avis legal - NECTA","og_description":"Av\u00eds legal INFORMACI\u00d3 GENERAL En compliment amb el deure d&#8217;informaci\u00f3 disposat en la Llei 34\/2002 de Serveis de la Societat de la Informaci\u00f3 i el Comer\u00e7 Electr\u00f2nic (LSSI-CE) d&#8217;11 de juliol, es faciliten a continuaci\u00f3 les seg\u00fcents dades d&#8217;informaci\u00f3 general d&#8217;aquest lloc web: La titularitat d&#8217;aquest lloc web, https:\/\/necta.es\/, (d&#8217;ara endavant, Lloc web) l&#8217;ostenta: NECTA [&hellip;]","og_url":"https:\/\/necta.es\/aviso-legal\/","og_site_name":"NECTA","article_modified_time":"2024-02-12T12:53:16+00:00","twitter_card":"summary_large_image","twitter_misc":{"Temps estimat de lectura":"8 minuts"},"schema":{"@context":"https:\/\/schema.org","@graph":[{"@type":"WebPage","@id":"https:\/\/necta.es\/aviso-legal\/","url":"https:\/\/necta.es\/aviso-legal\/","name":"Avis legal - NECTA","isPartOf":{"@id":"https:\/\/necta.es\/#website"},"datePublished":"2024-02-09T12:18:21+00:00","dateModified":"2024-02-12T12:53:16+00:00","breadcrumb":{"@id":"https:\/\/necta.es\/aviso-legal\/#breadcrumb"},"inLanguage":"ca","potentialAction":[{"@type":"ReadAction","target":["https:\/\/necta.es\/aviso-legal\/"]}]},{"@type":"BreadcrumbList","@id":"https:\/\/necta.es\/aviso-legal\/#breadcrumb","itemListElement":[{"@type":"ListItem","position":1,"name":"Portada","item":"https:\/\/necta.es\/"},{"@type":"ListItem","position":2,"name":"Avis legal"}]},{"@type":"WebSite","@id":"https:\/\/necta.es\/#website","url":"https:\/\/necta.es\/","name":"NECTA","description":"BIOENERGY","publisher":{"@id":"https:\/\/necta.es\/#organization"},"potentialAction":[{"@type":"SearchAction","target":{"@type":"EntryPoint","urlTemplate":"https:\/\/necta.es\/?s={search_term_string}"},"query-input":{"@type":"PropertyValueSpecification","valueRequired":true,"valueName":"search_term_string"}}],"inLanguage":"ca"},{"@type":"Organization","@id":"https:\/\/necta.es\/#organization","name":"NECTA","url":"https:\/\/necta.es\/","logo":{"@type":"ImageObject","inLanguage":"ca","@id":"https:\/\/necta.es\/#\/schema\/logo\/image\/","url":"https:\/\/necta.es\/wp-content\/uploads\/2023\/09\/LOGO-NECTA.png","contentUrl":"https:\/\/necta.es\/wp-content\/uploads\/2023\/09\/LOGO-NECTA.png","width":300,"height":279,"caption":"NECTA"},"image":{"@id":"https:\/\/necta.es\/#\/schema\/logo\/image\/"}}]}},"_links":{"self":[{"href":"https:\/\/necta.es\/ca\/wp-json\/wp\/v2\/pages\/1040"}],"collection":[{"href":"https:\/\/necta.es\/ca\/wp-json\/wp\/v2\/pages"}],"about":[{"href":"https:\/\/necta.es\/ca\/wp-json\/wp\/v2\/types\/page"}],"author":[{"embeddable":true,"href":"https:\/\/necta.es\/ca\/wp-json\/wp\/v2\/users\/1"}],"replies":[{"embeddable":true,"href":"https:\/\/necta.es\/ca\/wp-json\/wp\/v2\/comments?post=1040"}],"version-history":[{"count":25,"href":"https:\/\/necta.es\/ca\/wp-json\/wp\/v2\/pages\/1040\/revisions"}],"predecessor-version":[{"id":1234,"href":"https:\/\/necta.es\/ca\/wp-json\/wp\/v2\/pages\/1040\/revisions\/1234"}],"wp:attachment":[{"href":"https:\/\/necta.es\/ca\/wp-json\/wp\/v2\/media?parent=1040"}],"curies":[{"name":"wp","href":"https:\/\/api.w.org\/{rel}","templated":true}]}}