{"id":923,"date":"2023-12-05T12:32:34","date_gmt":"2023-12-05T12:32:34","guid":{"rendered":"https:\/\/necta.es\/blog\/"},"modified":"2024-02-12T10:56:36","modified_gmt":"2024-02-12T10:56:36","slug":"blog","status":"publish","type":"page","link":"https:\/\/necta.es\/ca\/blog\/","title":{"rendered":"Blog"},"content":{"rendered":"\t\t<div data-elementor-type=\"wp-page\" data-elementor-id=\"923\" class=\"elementor elementor-923 elementor-158\" data-elementor-post-type=\"page\">\n\t\t\t\t<div class=\"elementor-element elementor-element-d957cc0 e-con-full e-flex e-con e-parent\" data-id=\"d957cc0\" data-element_type=\"container\" data-e-type=\"container\" data-settings=\"{&quot;background_background&quot;:&quot;classic&quot;}\">\n\t\t<div class=\"elementor-element elementor-element-ea8a59a e-con-full e-flex e-con e-child\" data-id=\"ea8a59a\" data-element_type=\"container\" data-e-type=\"container\">\n\t\t\t\t<div class=\"elementor-element elementor-element-9ea413e elementor-widget elementor-widget-spacer\" data-id=\"9ea413e\" data-element_type=\"widget\" data-e-type=\"widget\" data-widget_type=\"spacer.default\">\n\t\t\t\t<div class=\"elementor-widget-container\">\n\t\t\t\t\t\t\t<div class=\"elementor-spacer\">\n\t\t\t<div class=\"elementor-spacer-inner\"><\/div>\n\t\t<\/div>\n\t\t\t\t\t\t<\/div>\n\t\t\t\t<\/div>\n\t\t\t\t<div class=\"elementor-element elementor-element-c3c6c73 elementor-widget elementor-widget-heading\" data-id=\"c3c6c73\" data-element_type=\"widget\" data-e-type=\"widget\" data-widget_type=\"heading.default\">\n\t\t\t\t<div class=\"elementor-widget-container\">\n\t\t\t\t\t<h1 class=\"elementor-heading-title elementor-size-default\">BLOG<\/h1>\t\t\t\t<\/div>\n\t\t\t\t<\/div>\n\t\t\t\t<\/div>\n\t\t<div class=\"elementor-element elementor-element-ac1291c e-con-full e-flex e-con e-child\" data-id=\"ac1291c\" data-element_type=\"container\" data-e-type=\"container\">\n\t\t\t\t<\/div>\n\t\t\t\t<\/div>\n\t\t<div class=\"elementor-element elementor-element-c761ae2 e-flex e-con-boxed e-con e-parent\" data-id=\"c761ae2\" data-element_type=\"container\" data-e-type=\"container\">\n\t\t\t\t\t<div class=\"e-con-inner\">\n\t\t\t\t<div class=\"elementor-element elementor-element-0452dcf elementor-widget elementor-widget-spacer\" data-id=\"0452dcf\" data-element_type=\"widget\" data-e-type=\"widget\" data-widget_type=\"spacer.default\">\n\t\t\t\t<div class=\"elementor-widget-container\">\n\t\t\t\t\t\t\t<div class=\"elementor-spacer\">\n\t\t\t<div class=\"elementor-spacer-inner\"><\/div>\n\t\t<\/div>\n\t\t\t\t\t\t<\/div>\n\t\t\t\t<\/div>\n\t\t\t\t\t<\/div>\n\t\t\t\t<\/div>\n\t\t<div class=\"elementor-element elementor-element-b027475 e-con-full e-flex elementor-invisible e-con e-parent\" data-id=\"b027475\" data-element_type=\"container\" data-e-type=\"container\" id=\"particles-js3\" data-settings=\"{&quot;animation&quot;:&quot;fadeInDown&quot;}\">\n\t\t\t\t<div class=\"elementor-element elementor-element-d76868c elementor-widget elementor-widget-heading\" data-id=\"d76868c\" data-element_type=\"widget\" data-e-type=\"widget\" data-widget_type=\"heading.default\">\n\t\t\t\t<div class=\"elementor-widget-container\">\n\t\t\t\t\t<h2 class=\"elementor-heading-title elementor-size-default\">Darreres not\u00edcies<\/h2>\t\t\t\t<\/div>\n\t\t\t\t<\/div>\n\t\t\t\t<div class=\"elementor-element elementor-element-47f59e4 elementor-widget elementor-widget-html\" data-id=\"47f59e4\" data-element_type=\"widget\" data-e-type=\"widget\" data-widget_type=\"html.default\">\n\t\t\t\t<div class=\"elementor-widget-container\">\n\t\t\t\t\t<style>\n.particles-js-canvas-el {\n    width: 100%;\n    height: 100%;\n    position: absolute;\n    z-index: -1;\n    top: 0;\n    left:0;\n}\n<\/style>\n<script src=\"https:\/\/cdn.jsdelivr.net\/particles.js\/2.0.0\/particles.min.js\"><\/script> \n<script>\nparticlesJS(\"particles-js3\", {\"particles\":{\"number\":{\"value\":80,\"density\":{\"enable\":true,\"value_area\":800}},\"color\":{\"value\":\"#ff0000\"},\"shape\":{\"type\":\"circle\",\"stroke\":{\"width\":0,\"color\":\"#ff0000\"},\"polygon\":{\"nb_sides\":5},\"image\":{\"src\":\"img\/github.svg\",\"width\":100,\"height\":100}},\"opacity\":{\"value\":0.3038784486205519,\"random\":false,\"anim\":{\"enable\":false,\"speed\":1,\"opacity_min\":0.1,\"sync\":false}},\"size\":{\"value\":3,\"random\":true,\"anim\":{\"enable\":false,\"speed\":40,\"size_min\":0.1,\"sync\":false}},\"line_linked\":{\"enable\":true,\"distance\":303.8784486205519,\"color\":\"#ff0000\",\"opacity\":0.231907237105158,\"width\":1},\"move\":{\"enable\":true,\"speed\":1.2,\"direction\":\"none\",\"random\":false,\"straight\":false,\"out_mode\":\"out\",\"bounce\":false,\"attract\":{\"enable\":false,\"rotateX\":600,\"rotateY\":1200}}},\"interactivity\":{\"detect_on\":\"canvas\",\"events\":{\"onhover\":{\"enable\":false,\"mode\":\"repulse\"},\"onclick\":{\"enable\":false,\"mode\":\"push\"},\"resize\":true},\"modes\":{\"grab\":{\"distance\":400,\"line_linked\":{\"opacity\":1}},\"bubble\":{\"distance\":400,\"size\":40,\"duration\":2,\"opacity\":8,\"speed\":3},\"repulse\":{\"distance\":200,\"duration\":0.4},\"push\":{\"particles_nb\":4},\"remove\":{\"particles_nb\":2}}},\"retina_detect\":true});var count_particles, stats, update; stats = new Stats; stats.setMode(0); stats.domElement.style.position = 'absolute'; stats.domElement.style.left = '0px'; stats.domElement.style.top = '0px'; document.body.appendChild(stats.domElement); count_particles = document.querySelector('.js-count-particles'); update = function() { stats.begin(); stats.end(); if (window.pJSDom[0].pJS.particles && window.pJSDom[0].pJS.particles.array) { count_particles.innerText = window.pJSDom[0].pJS.particles.array.length; } requestAnimationFrame(update); }; requestAnimationFrame(update);;\n<\/script>\t\t\t\t<\/div>\n\t\t\t\t<\/div>\n\t\t\t\t<div class=\"elementor-element elementor-element-032c681 elementor-grid-3 elementor-grid-tablet-2 elementor-grid-mobile-1 elementor-posts--thumbnail-top elementor-card-shadow-yes elementor-posts__hover-gradient load-more-align-center elementor-widget elementor-widget-posts\" data-id=\"032c681\" data-element_type=\"widget\" data-e-type=\"widget\" data-settings=\"{&quot;pagination_type&quot;:&quot;load_more_on_click&quot;,&quot;cards_columns&quot;:&quot;3&quot;,&quot;cards_columns_tablet&quot;:&quot;2&quot;,&quot;cards_columns_mobile&quot;:&quot;1&quot;,&quot;cards_row_gap&quot;:{&quot;unit&quot;:&quot;px&quot;,&quot;size&quot;:35,&quot;sizes&quot;:[]},&quot;cards_row_gap_tablet&quot;:{&quot;unit&quot;:&quot;px&quot;,&quot;size&quot;:&quot;&quot;,&quot;sizes&quot;:[]},&quot;cards_row_gap_mobile&quot;:{&quot;unit&quot;:&quot;px&quot;,&quot;size&quot;:&quot;&quot;,&quot;sizes&quot;:[]},&quot;load_more_spinner&quot;:{&quot;value&quot;:&quot;fas fa-spinner&quot;,&quot;library&quot;:&quot;fa-solid&quot;}}\" data-widget_type=\"posts.cards\">\n\t\t\t\t<div class=\"elementor-widget-container\">\n\t\t\t\t\t\t\t<div class=\"elementor-posts-container elementor-posts elementor-posts--skin-cards elementor-grid\" role=\"list\">\n\t\t\t\t<article class=\"elementor-post elementor-grid-item post-929 post type-post status-publish format-standard has-post-thumbnail hentry category-sense-categoria\" role=\"listitem\">\n\t\t\t<div class=\"elementor-post__card\">\n\t\t\t\t<a class=\"elementor-post__thumbnail__link\" href=\"https:\/\/necta.es\/ca\/necta-bioenergy-ja-forma-part-del-cluster-de-bioenergia-de-catalunya\/\" tabindex=\"-1\" ><div class=\"elementor-post__thumbnail\"><img fetchpriority=\"high\" decoding=\"async\" width=\"1920\" height=\"1080\" src=\"https:\/\/necta.es\/wp-content\/uploads\/2023\/12\/noticia-cluster.jpg\" class=\"attachment-full size-full wp-image-844\" alt=\"\" srcset=\"https:\/\/necta.es\/wp-content\/uploads\/2023\/12\/noticia-cluster.jpg 1920w, https:\/\/necta.es\/wp-content\/uploads\/2023\/12\/noticia-cluster-300x169.jpg 300w, https:\/\/necta.es\/wp-content\/uploads\/2023\/12\/noticia-cluster-1024x576.jpg 1024w, https:\/\/necta.es\/wp-content\/uploads\/2023\/12\/noticia-cluster-768x432.jpg 768w, https:\/\/necta.es\/wp-content\/uploads\/2023\/12\/noticia-cluster-1536x864.jpg 1536w\" sizes=\"(max-width: 1920px) 100vw, 1920px\" \/><\/div><\/a>\n\t\t\t\t<div class=\"elementor-post__text\">\n\t\t\t\t<h3 class=\"elementor-post__title\">\n\t\t\t<a href=\"https:\/\/necta.es\/ca\/necta-bioenergy-ja-forma-part-del-cluster-de-bioenergia-de-catalunya\/\" >\n\t\t\t\tNecta bioenergy ja forma part del Cl\u00faster de Bioenerg\u00eda de Catalunya\t\t\t<\/a>\n\t\t<\/h3>\n\t\t\t\t\t<div class=\"elementor-post__read-more-wrapper\">\n\t\t\n\t\t<a class=\"elementor-post__read-more\" href=\"https:\/\/necta.es\/ca\/necta-bioenergy-ja-forma-part-del-cluster-de-bioenergia-de-catalunya\/\" aria-label=\"Read more about Necta bioenergy ja forma part del Cl\u00faster de Bioenerg\u00eda de Catalunya\" tabindex=\"-1\" >\n\t\t\tLlegir m\u00e9s \u00bb\t\t<\/a>\n\n\t\t\t\t\t<\/div>\n\t\t\t\t<\/div>\n\t\t\t\t\t<\/div>\n\t\t<\/article>\n\t\t\t\t<article class=\"elementor-post elementor-grid-item post-933 post type-post status-publish format-standard has-post-thumbnail hentry category-sense-categoria\" role=\"listitem\">\n\t\t\t<div class=\"elementor-post__card\">\n\t\t\t\t<a class=\"elementor-post__thumbnail__link\" href=\"https:\/\/necta.es\/ca\/avanc-de-projectes-el-projecte-de-biometanitzacio-costa-lobera-situat-a-langa-de-duero-soria-avanca-cap-a-la-seva-realitzacio\/\" tabindex=\"-1\" ><div class=\"elementor-post__thumbnail\"><img decoding=\"async\" width=\"1920\" height=\"1080\" src=\"https:\/\/necta.es\/wp-content\/uploads\/2023\/12\/5.jpg\" class=\"attachment-full size-full wp-image-847\" alt=\"\" srcset=\"https:\/\/necta.es\/wp-content\/uploads\/2023\/12\/5.jpg 1920w, https:\/\/necta.es\/wp-content\/uploads\/2023\/12\/5-300x169.jpg 300w, https:\/\/necta.es\/wp-content\/uploads\/2023\/12\/5-1024x576.jpg 1024w, https:\/\/necta.es\/wp-content\/uploads\/2023\/12\/5-768x432.jpg 768w, https:\/\/necta.es\/wp-content\/uploads\/2023\/12\/5-1536x864.jpg 1536w\" sizes=\"(max-width: 1920px) 100vw, 1920px\" \/><\/div><\/a>\n\t\t\t\t<div class=\"elementor-post__text\">\n\t\t\t\t<h3 class=\"elementor-post__title\">\n\t\t\t<a href=\"https:\/\/necta.es\/ca\/avanc-de-projectes-el-projecte-de-biometanitzacio-costa-lobera-situat-a-langa-de-duero-soria-avanca-cap-a-la-seva-realitzacio\/\" >\n\t\t\t\tAvan\u00e7 de projectes: El projecte de biometanitzaci\u00f3 &#8220;Costa Lobera&#8221;, situat a Langa de Duero (S\u00f2ria), avan\u00e7a cap a la seva realitzaci\u00f3\t\t\t<\/a>\n\t\t<\/h3>\n\t\t\t\t\t<div class=\"elementor-post__read-more-wrapper\">\n\t\t\n\t\t<a class=\"elementor-post__read-more\" href=\"https:\/\/necta.es\/ca\/avanc-de-projectes-el-projecte-de-biometanitzacio-costa-lobera-situat-a-langa-de-duero-soria-avanca-cap-a-la-seva-realitzacio\/\" aria-label=\"Read more about Avan\u00e7 de projectes: El projecte de biometanitzaci\u00f3 &#8220;Costa Lobera&#8221;, situat a Langa de Duero (S\u00f2ria), avan\u00e7a cap a la seva realitzaci\u00f3\" tabindex=\"-1\" >\n\t\t\tLlegir m\u00e9s \u00bb\t\t<\/a>\n\n\t\t\t\t\t<\/div>\n\t\t\t\t<\/div>\n\t\t\t\t\t<\/div>\n\t\t<\/article>\n\t\t\t\t<article class=\"elementor-post elementor-grid-item post-937 post type-post status-publish format-standard has-post-thumbnail hentry category-sense-categoria\" role=\"listitem\">\n\t\t\t<div class=\"elementor-post__card\">\n\t\t\t\t<a class=\"elementor-post__thumbnail__link\" href=\"https:\/\/necta.es\/ca\/hem-establert-noves-oficines-a-vic\/\" tabindex=\"-1\" ><div class=\"elementor-post__thumbnail\"><img decoding=\"async\" width=\"1920\" height=\"1080\" src=\"https:\/\/necta.es\/wp-content\/uploads\/2023\/08\/3.jpg\" class=\"attachment-full size-full wp-image-850\" alt=\"\" srcset=\"https:\/\/necta.es\/wp-content\/uploads\/2023\/08\/3.jpg 1920w, https:\/\/necta.es\/wp-content\/uploads\/2023\/08\/3-300x169.jpg 300w, https:\/\/necta.es\/wp-content\/uploads\/2023\/08\/3-1024x576.jpg 1024w, https:\/\/necta.es\/wp-content\/uploads\/2023\/08\/3-768x432.jpg 768w, https:\/\/necta.es\/wp-content\/uploads\/2023\/08\/3-1536x864.jpg 1536w\" sizes=\"(max-width: 1920px) 100vw, 1920px\" \/><\/div><\/a>\n\t\t\t\t<div class=\"elementor-post__text\">\n\t\t\t\t<h3 class=\"elementor-post__title\">\n\t\t\t<a href=\"https:\/\/necta.es\/ca\/hem-establert-noves-oficines-a-vic\/\" >\n\t\t\t\tHem establert noves oficines a Vic\t\t\t<\/a>\n\t\t<\/h3>\n\t\t\t\t\t<div class=\"elementor-post__read-more-wrapper\">\n\t\t\n\t\t<a class=\"elementor-post__read-more\" href=\"https:\/\/necta.es\/ca\/hem-establert-noves-oficines-a-vic\/\" aria-label=\"Read more about Hem establert noves oficines a Vic\" tabindex=\"-1\" >\n\t\t\tLlegir m\u00e9s \u00bb\t\t<\/a>\n\n\t\t\t\t\t<\/div>\n\t\t\t\t<\/div>\n\t\t\t\t\t<\/div>\n\t\t<\/article>\n\t\t\t\t<\/div>\n\t\t\t\t\t<span class=\"e-load-more-spinner\">\n\t\t\t\t<i aria-hidden=\"true\" class=\"fas fa-spinner\"><\/i>\t\t\t<\/span>\n\t\t\n\t\t\t\t\t\t<\/div>\n\t\t\t\t<\/div>\n\t\t\t\t<div class=\"elementor-element elementor-element-a559dfc elementor-widget elementor-widget-spacer\" data-id=\"a559dfc\" data-element_type=\"widget\" data-e-type=\"widget\" data-widget_type=\"spacer.default\">\n\t\t\t\t<div class=\"elementor-widget-container\">\n\t\t\t\t\t\t\t<div class=\"elementor-spacer\">\n\t\t\t<div class=\"elementor-spacer-inner\"><\/div>\n\t\t<\/div>\n\t\t\t\t\t\t<\/div>\n\t\t\t\t<\/div>\n\t\t\t\t<\/div>\n\t\t\t\t<\/div>\n\t\t","protected":false},"excerpt":{"rendered":"<p>BLOG Darreres not\u00edcies<\/p>\n","protected":false},"author":1,"featured_media":0,"parent":0,"menu_order":0,"comment_status":"closed","ping_status":"closed","template":"elementor_header_footer","meta":{"footnotes":""},"class_list":["post-923","page","type-page","status-publish","hentry"],"yoast_head":"<!-- This site is optimized with the Yoast SEO plugin v25.6 - https:\/\/yoast.com\/wordpress\/plugins\/seo\/ -->\n<title>Blog - NECTA<\/title>\n<meta name=\"robots\" content=\"index, follow, max-snippet:-1, max-image-preview:large, max-video-preview:-1\" \/>\n<link rel=\"canonical\" href=\"https:\/\/necta.es\/blog\/\" \/>\n<meta property=\"og:locale\" content=\"ca_ES\" \/>\n<meta property=\"og:type\" content=\"article\" \/>\n<meta property=\"og:title\" content=\"Blog - NECTA\" \/>\n<meta property=\"og:description\" content=\"BLOG Darreres not\u00edcies\" \/>\n<meta property=\"og:url\" content=\"https:\/\/necta.es\/blog\/\" \/>\n<meta property=\"og:site_name\" content=\"NECTA\" \/>\n<meta property=\"article:modified_time\" content=\"2024-02-12T10:56:36+00:00\" \/>\n<meta name=\"twitter:card\" content=\"summary_large_image\" \/>\n<script type=\"application\/ld+json\" class=\"yoast-schema-graph\">{\"@context\":\"https:\/\/schema.org\",\"@graph\":[{\"@type\":\"WebPage\",\"@id\":\"https:\/\/necta.es\/blog\/\",\"url\":\"https:\/\/necta.es\/blog\/\",\"name\":\"Blog - NECTA\",\"isPartOf\":{\"@id\":\"https:\/\/necta.es\/#website\"},\"datePublished\":\"2023-12-05T12:32:34+00:00\",\"dateModified\":\"2024-02-12T10:56:36+00:00\",\"breadcrumb\":{\"@id\":\"https:\/\/necta.es\/blog\/#breadcrumb\"},\"inLanguage\":\"ca\",\"potentialAction\":[{\"@type\":\"ReadAction\",\"target\":[\"https:\/\/necta.es\/blog\/\"]}]},{\"@type\":\"BreadcrumbList\",\"@id\":\"https:\/\/necta.es\/blog\/#breadcrumb\",\"itemListElement\":[{\"@type\":\"ListItem\",\"position\":1,\"name\":\"Portada\",\"item\":\"https:\/\/necta.es\/\"},{\"@type\":\"ListItem\",\"position\":2,\"name\":\"Blog\"}]},{\"@type\":\"WebSite\",\"@id\":\"https:\/\/necta.es\/#website\",\"url\":\"https:\/\/necta.es\/\",\"name\":\"NECTA\",\"description\":\"BIOENERGY\",\"publisher\":{\"@id\":\"https:\/\/necta.es\/#organization\"},\"potentialAction\":[{\"@type\":\"SearchAction\",\"target\":{\"@type\":\"EntryPoint\",\"urlTemplate\":\"https:\/\/necta.es\/?s={search_term_string}\"},\"query-input\":{\"@type\":\"PropertyValueSpecification\",\"valueRequired\":true,\"valueName\":\"search_term_string\"}}],\"inLanguage\":\"ca\"},{\"@type\":\"Organization\",\"@id\":\"https:\/\/necta.es\/#organization\",\"name\":\"NECTA\",\"url\":\"https:\/\/necta.es\/\",\"logo\":{\"@type\":\"ImageObject\",\"inLanguage\":\"ca\",\"@id\":\"https:\/\/necta.es\/#\/schema\/logo\/image\/\",\"url\":\"https:\/\/necta.es\/wp-content\/uploads\/2023\/09\/LOGO-NECTA.png\",\"contentUrl\":\"https:\/\/necta.es\/wp-content\/uploads\/2023\/09\/LOGO-NECTA.png\",\"width\":300,\"height\":279,\"caption\":\"NECTA\"},\"image\":{\"@id\":\"https:\/\/necta.es\/#\/schema\/logo\/image\/\"}}]}<\/script>\n<!-- \/ Yoast SEO plugin. -->","yoast_head_json":{"title":"Blog - NECTA","robots":{"index":"index","follow":"follow","max-snippet":"max-snippet:-1","max-image-preview":"max-image-preview:large","max-video-preview":"max-video-preview:-1"},"canonical":"https:\/\/necta.es\/blog\/","og_locale":"ca_ES","og_type":"article","og_title":"Blog - NECTA","og_description":"BLOG Darreres not\u00edcies","og_url":"https:\/\/necta.es\/blog\/","og_site_name":"NECTA","article_modified_time":"2024-02-12T10:56:36+00:00","twitter_card":"summary_large_image","schema":{"@context":"https:\/\/schema.org","@graph":[{"@type":"WebPage","@id":"https:\/\/necta.es\/blog\/","url":"https:\/\/necta.es\/blog\/","name":"Blog - NECTA","isPartOf":{"@id":"https:\/\/necta.es\/#website"},"datePublished":"2023-12-05T12:32:34+00:00","dateModified":"2024-02-12T10:56:36+00:00","breadcrumb":{"@id":"https:\/\/necta.es\/blog\/#breadcrumb"},"inLanguage":"ca","potentialAction":[{"@type":"ReadAction","target":["https:\/\/necta.es\/blog\/"]}]},{"@type":"BreadcrumbList","@id":"https:\/\/necta.es\/blog\/#breadcrumb","itemListElement":[{"@type":"ListItem","position":1,"name":"Portada","item":"https:\/\/necta.es\/"},{"@type":"ListItem","position":2,"name":"Blog"}]},{"@type":"WebSite","@id":"https:\/\/necta.es\/#website","url":"https:\/\/necta.es\/","name":"NECTA","description":"BIOENERGY","publisher":{"@id":"https:\/\/necta.es\/#organization"},"potentialAction":[{"@type":"SearchAction","target":{"@type":"EntryPoint","urlTemplate":"https:\/\/necta.es\/?s={search_term_string}"},"query-input":{"@type":"PropertyValueSpecification","valueRequired":true,"valueName":"search_term_string"}}],"inLanguage":"ca"},{"@type":"Organization","@id":"https:\/\/necta.es\/#organization","name":"NECTA","url":"https:\/\/necta.es\/","logo":{"@type":"ImageObject","inLanguage":"ca","@id":"https:\/\/necta.es\/#\/schema\/logo\/image\/","url":"https:\/\/necta.es\/wp-content\/uploads\/2023\/09\/LOGO-NECTA.png","contentUrl":"https:\/\/necta.es\/wp-content\/uploads\/2023\/09\/LOGO-NECTA.png","width":300,"height":279,"caption":"NECTA"},"image":{"@id":"https:\/\/necta.es\/#\/schema\/logo\/image\/"}}]}},"_links":{"self":[{"href":"https:\/\/necta.es\/ca\/wp-json\/wp\/v2\/pages\/923"}],"collection":[{"href":"https:\/\/necta.es\/ca\/wp-json\/wp\/v2\/pages"}],"about":[{"href":"https:\/\/necta.es\/ca\/wp-json\/wp\/v2\/types\/page"}],"author":[{"embeddable":true,"href":"https:\/\/necta.es\/ca\/wp-json\/wp\/v2\/users\/1"}],"replies":[{"embeddable":true,"href":"https:\/\/necta.es\/ca\/wp-json\/wp\/v2\/comments?post=923"}],"version-history":[{"count":4,"href":"https:\/\/necta.es\/ca\/wp-json\/wp\/v2\/pages\/923\/revisions"}],"predecessor-version":[{"id":1085,"href":"https:\/\/necta.es\/ca\/wp-json\/wp\/v2\/pages\/923\/revisions\/1085"}],"wp:attachment":[{"href":"https:\/\/necta.es\/ca\/wp-json\/wp\/v2\/media?parent=923"}],"curies":[{"name":"wp","href":"https:\/\/api.w.org\/{rel}","templated":true}]}}